{"id":2,"date":"2024-10-01T14:41:12","date_gmt":"2024-10-01T14:41:12","guid":{"rendered":"http:\/\/www.tavatary.fi\/?page_id=2"},"modified":"2024-10-01T14:13:47","modified_gmt":"2024-10-01T14:13:47","slug":"sample-page","status":"publish","type":"page","link":"http:\/\/www.tavatary.fi\/index.php\/sample-page\/","title":{"rendered":"Tavata Ry \/ Vastuullisempia tapahtumia"},"content":{"rendered":"\n<p>Yhdistyksen tarkoituksena on kehitt\u00e4\u00e4 tapahtumatoimialan ja tapahtumaymp\u00e4rist\u00f6jen vastuullisuutta ja saavutettavuutta sek\u00e4 tarjota sit\u00e4 edist\u00e4vi\u00e4 asiantuntijapalveluita, palvelukonsepteja sek\u00e4 tuki- ja koulutuspalveluita. <br><br>Kaiken toiminnan keskeisi\u00e4 n\u00e4k\u00f6kulmia ovat ratkaisukeskeisyys, yhdenvertaisuus ja osallisuus sek\u00e4 yhteis\u00f6llisyyden lis\u00e4\u00e4minen ja vahvistaminen.<br><br>Keikkakaveri-konseptin tavoitteena on tarjota turvallisempia ja saavutettavampia tapahtumael\u00e4myksi\u00e4 niille, jotka eiv\u00e4t mieluiten l\u00e4htisi tapahtumiin yksin. Keikkakaveri-palvelua on pilotoitu mm. Tavara-asema sateenkaarevissa [KV\u00c4\u00c4R]-tapahtumissa, keikoilla sek\u00e4 festivaalin kanssa yhteisty\u00f6ss\u00e4 toteutettuna Provinssikaveri-pisteen\u00e4.<br><\/p>\n\n\n\n<p><\/p>\n\n\n\n<p>Yhdistyksen hallituksesta l\u00f6ytyy vahva osaaminen aiheen \u00e4\u00e4relle: Mukana on tapahtumatuotannon ja tapahtumaturvallisuuden (sis. turvallisemman tilan) sek\u00e4 markkinoinnin ja viestinn\u00e4n osaajia sek\u00e4 kielellisen saavutettavuuden ja vuorovaikutuksen asiantuntijoista, joilla osaamisalueena on mm. kommunikaatio-ohjaus, selkokieli ja digitaalinen saavutettavuus.<\/p>\n\n\n\n<div class=\"wp-block-columns is-layout-flex wp-container-core-columns-is-layout-1 wp-block-columns-is-layout-flex\">\n<div class=\"wp-block-column is-layout-flow wp-block-column-is-layout-flow\">\n<p>Yhdistyksen hallitus:<br>Lotta Ahtinen, hallituksen puheenjohtaja<br>Jenna Suhonen, hallituksen varapuheenjohtaja<br>Outi Aihkisalo, hallituksen sihteeri<br>Peppi Arrimo, rahastonhoitaja<\/p>\n<\/div>\n\n\n\n<div class=\"wp-block-column is-layout-flow wp-block-column-is-layout-flow\">\n<p>Hallituksen j\u00e4senet:<br>Kristiina Paananen, markkinointip\u00e4\u00e4llikk\u00f6<br>Anna-Katarina Kokko, kielellisen saavutettavuuden asiantuntija<br>Emmi Markkanen, kielellisen saavutettavuuden asiantuntija<\/p>\n<\/div>\n<\/div>\n\n\n\n<blockquote class=\"wp-block-quote is-layout-flow wp-block-quote-is-layout-flow\">\n<p>Hi there! I&#8217;m a bike messenger by day, aspiring actor by night, and this is my website. I live in Los Angeles, have a great dog named Jack, and I like pi\u00f1a coladas. (And gettin&#8217; caught in the rain.)<\/p>\n<\/blockquote>\n\n\n\n<p>&#8230;or something like this:<\/p>\n","protected":false},"excerpt":{"rendered":"<p>Yhdistyksen tarkoituksena on kehitt\u00e4\u00e4 tapahtumatoimialan ja tapahtumaymp\u00e4rist\u00f6jen vastuullisuutta ja saavutettavuutta sek\u00e4 tarjota sit\u00e4 edist\u00e4vi\u00e4 asiantuntijapalveluita, palvelukonsepteja sek\u00e4 tuki- ja koulutuspalveluita. Kaiken toiminnan keskeisi\u00e4 n\u00e4k\u00f6kulmia ovat ratkaisukeskeisyys, yhdenvertaisuus ja osallisuus sek\u00e4 yhteis\u00f6llisyyden lis\u00e4\u00e4minen ja vahvistaminen. Keikkakaveri-konseptin tavoitteena on tarjota turvallisempia ja saavutettavampia tapahtumael\u00e4myksi\u00e4 niille, jotka eiv\u00e4t mieluiten l\u00e4htisi tapahtumiin yksin. Keikkakaveri-palvelua on pilotoitu mm. Tavara-asema sateenkaarevissa [&hellip;]<\/p>\n","protected":false},"author":1,"featured_media":0,"parent":0,"menu_order":0,"comment_status":"closed","ping_status":"open","template":"","meta":{"footnotes":""},"class_list":["post-2","page","type-page","status-publish","hentry"],"yoast_head":"<!-- This site is optimized with the Yoast SEO plugin v23.5 - https:\/\/yoast.com\/wordpress\/plugins\/seo\/ -->\n<title>Tavata Ry \/ Vastuullisempia tapahtumia -<\/title>\n<meta name=\"robots\" content=\"index, follow, max-snippet:-1, max-image-preview:large, max-video-preview:-1\" \/>\n<link rel=\"canonical\" href=\"http:\/\/www.tavatary.fi\/index.php\/sample-page\/\" \/>\n<meta property=\"og:locale\" content=\"fi_FI\" \/>\n<meta property=\"og:type\" content=\"article\" \/>\n<meta property=\"og:title\" content=\"Tavata Ry \/ Vastuullisempia tapahtumia -\" \/>\n<meta property=\"og:description\" content=\"Yhdistyksen tarkoituksena on kehitt\u00e4\u00e4 tapahtumatoimialan ja tapahtumaymp\u00e4rist\u00f6jen vastuullisuutta ja saavutettavuutta sek\u00e4 tarjota sit\u00e4 edist\u00e4vi\u00e4 asiantuntijapalveluita, palvelukonsepteja sek\u00e4 tuki- ja koulutuspalveluita. Kaiken toiminnan keskeisi\u00e4 n\u00e4k\u00f6kulmia ovat ratkaisukeskeisyys, yhdenvertaisuus ja osallisuus sek\u00e4 yhteis\u00f6llisyyden lis\u00e4\u00e4minen ja vahvistaminen. Keikkakaveri-konseptin tavoitteena on tarjota turvallisempia ja saavutettavampia tapahtumael\u00e4myksi\u00e4 niille, jotka eiv\u00e4t mieluiten l\u00e4htisi tapahtumiin yksin. Keikkakaveri-palvelua on pilotoitu mm. Tavara-asema sateenkaarevissa [&hellip;]\" \/>\n<meta property=\"og:url\" content=\"http:\/\/www.tavatary.fi\/index.php\/sample-page\/\" \/>\n<meta property=\"article:modified_time\" content=\"2024-10-01T14:13:47+00:00\" \/>\n<meta name=\"twitter:card\" content=\"summary_large_image\" \/>\n<meta name=\"twitter:label1\" content=\"Arvioitu lukuaika\" \/>\n\t<meta name=\"twitter:data1\" content=\"1 minuutti\" \/>\n<script type=\"application\/ld+json\" class=\"yoast-schema-graph\">{\"@context\":\"https:\/\/schema.org\",\"@graph\":[{\"@type\":\"WebPage\",\"@id\":\"http:\/\/www.tavatary.fi\/index.php\/sample-page\/\",\"url\":\"http:\/\/www.tavatary.fi\/index.php\/sample-page\/\",\"name\":\"Tavata Ry \/ Vastuullisempia tapahtumia -\",\"isPartOf\":{\"@id\":\"https:\/\/www.tavatary.fi\/#website\"},\"datePublished\":\"2024-10-01T14:41:12+00:00\",\"dateModified\":\"2024-10-01T14:13:47+00:00\",\"breadcrumb\":{\"@id\":\"http:\/\/www.tavatary.fi\/index.php\/sample-page\/#breadcrumb\"},\"inLanguage\":\"fi\",\"potentialAction\":[{\"@type\":\"ReadAction\",\"target\":[\"http:\/\/www.tavatary.fi\/index.php\/sample-page\/\"]}]},{\"@type\":\"BreadcrumbList\",\"@id\":\"http:\/\/www.tavatary.fi\/index.php\/sample-page\/#breadcrumb\",\"itemListElement\":[{\"@type\":\"ListItem\",\"position\":1,\"name\":\"Etusivu\",\"item\":\"https:\/\/www.tavatary.fi\/\"},{\"@type\":\"ListItem\",\"position\":2,\"name\":\"Tavata Ry \/ Vastuullisempia tapahtumia\"}]},{\"@type\":\"WebSite\",\"@id\":\"https:\/\/www.tavatary.fi\/#website\",\"url\":\"https:\/\/www.tavatary.fi\/\",\"name\":\"\",\"description\":\"\",\"potentialAction\":[{\"@type\":\"SearchAction\",\"target\":{\"@type\":\"EntryPoint\",\"urlTemplate\":\"https:\/\/www.tavatary.fi\/?s={search_term_string}\"},\"query-input\":{\"@type\":\"PropertyValueSpecification\",\"valueRequired\":true,\"valueName\":\"search_term_string\"}}],\"inLanguage\":\"fi\"}]}<\/script>\n<!-- \/ Yoast SEO plugin. -->","yoast_head_json":{"title":"Tavata Ry \/ Vastuullisempia tapahtumia -","robots":{"index":"index","follow":"follow","max-snippet":"max-snippet:-1","max-image-preview":"max-image-preview:large","max-video-preview":"max-video-preview:-1"},"canonical":"http:\/\/www.tavatary.fi\/index.php\/sample-page\/","og_locale":"fi_FI","og_type":"article","og_title":"Tavata Ry \/ Vastuullisempia tapahtumia -","og_description":"Yhdistyksen tarkoituksena on kehitt\u00e4\u00e4 tapahtumatoimialan ja tapahtumaymp\u00e4rist\u00f6jen vastuullisuutta ja saavutettavuutta sek\u00e4 tarjota sit\u00e4 edist\u00e4vi\u00e4 asiantuntijapalveluita, palvelukonsepteja sek\u00e4 tuki- ja koulutuspalveluita. Kaiken toiminnan keskeisi\u00e4 n\u00e4k\u00f6kulmia ovat ratkaisukeskeisyys, yhdenvertaisuus ja osallisuus sek\u00e4 yhteis\u00f6llisyyden lis\u00e4\u00e4minen ja vahvistaminen. Keikkakaveri-konseptin tavoitteena on tarjota turvallisempia ja saavutettavampia tapahtumael\u00e4myksi\u00e4 niille, jotka eiv\u00e4t mieluiten l\u00e4htisi tapahtumiin yksin. Keikkakaveri-palvelua on pilotoitu mm. Tavara-asema sateenkaarevissa [&hellip;]","og_url":"http:\/\/www.tavatary.fi\/index.php\/sample-page\/","article_modified_time":"2024-10-01T14:13:47+00:00","twitter_card":"summary_large_image","twitter_misc":{"Arvioitu lukuaika":"1 minuutti"},"schema":{"@context":"https:\/\/schema.org","@graph":[{"@type":"WebPage","@id":"http:\/\/www.tavatary.fi\/index.php\/sample-page\/","url":"http:\/\/www.tavatary.fi\/index.php\/sample-page\/","name":"Tavata Ry \/ Vastuullisempia tapahtumia -","isPartOf":{"@id":"https:\/\/www.tavatary.fi\/#website"},"datePublished":"2024-10-01T14:41:12+00:00","dateModified":"2024-10-01T14:13:47+00:00","breadcrumb":{"@id":"http:\/\/www.tavatary.fi\/index.php\/sample-page\/#breadcrumb"},"inLanguage":"fi","potentialAction":[{"@type":"ReadAction","target":["http:\/\/www.tavatary.fi\/index.php\/sample-page\/"]}]},{"@type":"BreadcrumbList","@id":"http:\/\/www.tavatary.fi\/index.php\/sample-page\/#breadcrumb","itemListElement":[{"@type":"ListItem","position":1,"name":"Etusivu","item":"https:\/\/www.tavatary.fi\/"},{"@type":"ListItem","position":2,"name":"Tavata Ry \/ Vastuullisempia tapahtumia"}]},{"@type":"WebSite","@id":"https:\/\/www.tavatary.fi\/#website","url":"https:\/\/www.tavatary.fi\/","name":"","description":"","potentialAction":[{"@type":"SearchAction","target":{"@type":"EntryPoint","urlTemplate":"https:\/\/www.tavatary.fi\/?s={search_term_string}"},"query-input":{"@type":"PropertyValueSpecification","valueRequired":true,"valueName":"search_term_string"}}],"inLanguage":"fi"}]}},"_links":{"self":[{"href":"http:\/\/www.tavatary.fi\/index.php\/wp-json\/wp\/v2\/pages\/2"}],"collection":[{"href":"http:\/\/www.tavatary.fi\/index.php\/wp-json\/wp\/v2\/pages"}],"about":[{"href":"http:\/\/www.tavatary.fi\/index.php\/wp-json\/wp\/v2\/types\/page"}],"author":[{"embeddable":true,"href":"http:\/\/www.tavatary.fi\/index.php\/wp-json\/wp\/v2\/users\/1"}],"replies":[{"embeddable":true,"href":"http:\/\/www.tavatary.fi\/index.php\/wp-json\/wp\/v2\/comments?post=2"}],"version-history":[{"count":1,"href":"http:\/\/www.tavatary.fi\/index.php\/wp-json\/wp\/v2\/pages\/2\/revisions"}],"predecessor-version":[{"id":10,"href":"http:\/\/www.tavatary.fi\/index.php\/wp-json\/wp\/v2\/pages\/2\/revisions\/10"}],"wp:attachment":[{"href":"http:\/\/www.tavatary.fi\/index.php\/wp-json\/wp\/v2\/media?parent=2"}],"curies":[{"name":"wp","href":"https:\/\/api.w.org\/{rel}","templated":true}]}}